{"id":455,"date":"2025-05-23T13:20:05","date_gmt":"2025-05-23T11:20:05","guid":{"rendered":"https:\/\/oqueo.com\/aviso-legal\/"},"modified":"2025-05-24T19:01:22","modified_gmt":"2025-05-24T17:01:22","slug":"aviso-legal","status":"publish","type":"page","link":"https:\/\/oqueo.com\/es\/aviso-legal\/","title":{"rendered":"Aviso legal"},"content":{"rendered":"\t\t<div data-elementor-type=\"wp-page\" data-elementor-id=\"455\" class=\"elementor elementor-455 elementor-439\" data-elementor-post-type=\"page\">\n\t\t\t\t\t\t<section class=\"elementor-section elementor-top-section elementor-element elementor-element-565223d0 elementor-section-full_width elementor-section-height-default elementor-section-height-default\" data-id=\"565223d0\" data-element_type=\"section\" data-e-type=\"section\">\n\t\t\t\t\t\t<div class=\"elementor-container elementor-column-gap-no\">\n\t\t\t\t\t<div class=\"elementor-column elementor-col-100 elementor-top-column elementor-element elementor-element-31156124\" data-id=\"31156124\" data-element_type=\"column\" data-e-type=\"column\">\n\t\t\t<div class=\"elementor-widget-wrap elementor-element-populated\">\n\t\t\t\t\t\t<div class=\"elementor-element elementor-element-1be3a33b elementor-widget__width-auto e-transform elementor-invisible elementor-widget elementor-widget-text-path\" data-id=\"1be3a33b\" data-element_type=\"widget\" data-e-type=\"widget\" data-settings=\"{&quot;text&quot;:&quot; \\u00a1Despega ahora con oQueo!&quot;,&quot;motion_fx_motion_fx_scrolling&quot;:&quot;yes&quot;,&quot;motion_fx_rotateZ_effect&quot;:&quot;yes&quot;,&quot;motion_fx_rotateZ_affectedRange&quot;:{&quot;unit&quot;:&quot;%&quot;,&quot;size&quot;:&quot;&quot;,&quot;sizes&quot;:{&quot;start&quot;:50,&quot;end&quot;:100}},&quot;_animation&quot;:&quot;rotateIn&quot;,&quot;_transform_rotateZ_effect&quot;:{&quot;unit&quot;:&quot;px&quot;,&quot;size&quot;:28,&quot;sizes&quot;:[]},&quot;link&quot;:{&quot;url&quot;:&quot;\\\/&quot;,&quot;is_external&quot;:&quot;&quot;,&quot;nofollow&quot;:&quot;&quot;,&quot;custom_attributes&quot;:&quot;&quot;},&quot;start_point&quot;:{&quot;unit&quot;:&quot;%&quot;,&quot;size&quot;:0,&quot;sizes&quot;:[]},&quot;motion_fx_rotateZ_speed&quot;:{&quot;unit&quot;:&quot;px&quot;,&quot;size&quot;:1,&quot;sizes&quot;:[]},&quot;motion_fx_devices&quot;:[&quot;desktop&quot;,&quot;tablet&quot;,&quot;mobile&quot;],&quot;_transform_rotateZ_effect_tablet&quot;:{&quot;unit&quot;:&quot;deg&quot;,&quot;size&quot;:&quot;&quot;,&quot;sizes&quot;:[]},&quot;_transform_rotateZ_effect_mobile&quot;:{&quot;unit&quot;:&quot;deg&quot;,&quot;size&quot;:&quot;&quot;,&quot;sizes&quot;:[]}}\" data-widget_type=\"text-path.default\">\n\t\t\t\t<div class=\"elementor-widget-container\">\n\t\t\t\t\t\t\t<div class=\"e-text-path elementor-animation-rotate\" data-text=\" &iexcl;Despega ahora con oQueo!\" data-url=\"\/\/oqueo.com\/wp-content\/plugins\/elementor\/assets\/svg-paths\/circle.svg\" data-link-url=\"\/\"><\/div>\n\t\t\t\t\t\t<\/div>\n\t\t\t\t<\/div>\n\t\t\t\t<div class=\"elementor-element elementor-element-3b8da55a elementor-widget__width-initial elementor-widget-tablet__width-initial elementor-widget-mobile__width-inherit elementor-widget elementor-widget-text-editor\" data-id=\"3b8da55a\" data-element_type=\"widget\" data-e-type=\"widget\" data-widget_type=\"text-editor.default\">\n\t\t\t\t<div class=\"elementor-widget-container\">\n\t\t\t\t\t\t\t\t\t<p><span style=\"font-weight: 400;\">circle <span style=\"color: #b87b05;\">improvement<br><\/span>avanza con <span style=\"color: #b87b05;\">oQueo<br><\/span><\/span><\/p>\t\t\t\t\t\t\t\t<\/div>\n\t\t\t\t<\/div>\n\t\t\t\t<div class=\"elementor-element elementor-element-660a58a0 elementor-widget elementor-widget-heading\" data-id=\"660a58a0\" data-element_type=\"widget\" data-e-type=\"widget\" data-widget_type=\"heading.default\">\n\t\t\t\t<div class=\"elementor-widget-container\">\n\t\t\t\t\t<h1 class=\"elementor-heading-title elementor-size-default\">Aviso legal<\/h1>\t\t\t\t<\/div>\n\t\t\t\t<\/div>\n\t\t\t\t\t<\/div>\n\t\t<\/div>\n\t\t\t\t\t<\/div>\n\t\t<\/section>\n\t\t\t\t<section class=\"elementor-section elementor-top-section elementor-element elementor-element-7a109a14 elementor-section-boxed elementor-section-height-default elementor-section-height-default\" data-id=\"7a109a14\" data-element_type=\"section\" data-e-type=\"section\">\n\t\t\t\t\t\t<div class=\"elementor-container elementor-column-gap-default\">\n\t\t\t\t\t<div class=\"elementor-column elementor-col-100 elementor-top-column elementor-element elementor-element-d6a2409\" data-id=\"d6a2409\" data-element_type=\"column\" data-e-type=\"column\">\n\t\t\t<div class=\"elementor-widget-wrap elementor-element-populated\">\n\t\t\t\t\t\t<div class=\"elementor-element elementor-element-7cbf2dd7 elementor-widget elementor-widget-text-editor\" data-id=\"7cbf2dd7\" data-element_type=\"widget\" data-e-type=\"widget\" data-widget_type=\"text-editor.default\">\n\t\t\t\t<div class=\"elementor-widget-container\">\n\t\t\t\t\t\t\t\t\t<h4 data-start=\"376\" data-end=\"397\">Pol\u00edtica de privacidad<\/h4><p data-start=\"398\" data-end=\"930\">Nos tomamos muy en serio su privacidad. Cualquier informaci\u00f3n personal recopilada en este sitio web, como nombre, correo electr\u00f3nico o comportamiento de uso, se maneja de acuerdo con las leyes de protecci\u00f3n de datos aplicables. No vendemos, alquilamos ni compartimos su informaci\u00f3n con terceros, salvo que sea legalmente obligatorio. Utilizamos cookies y herramientas de an\u00e1lisis \u00fanicamente con fines funcionales y de mejora del sitio. Al utilizar esta p\u00e1gina, usted acepta estas condiciones. Consulte nuestra <a href=\"https:\/\/oqueo.com\/es\/politica-de-privacidad\/\">Pol\u00edtica de privacidad<\/a> para obtener m\u00e1s detalles.     <\/p><h4 data-start=\"932\" data-end=\"951\">T\u00e9rminos de uso<\/h4><p data-start=\"952\" data-end=\"1295\">Al acceder o utilizar este sitio web, usted acepta cumplir con los t\u00e9rminos aqu\u00ed establecidos. Est\u00e1 prohibido el uso ilegal o abusivo del contenido. Nos reservamos el derecho de modificar o interrumpir el sitio, en parte o en su totalidad, sin previo aviso.  <\/p><h4 data-start=\"1297\" data-end=\"1314\">Descargo de responsabilidad<\/h4><p data-start=\"1315\" data-end=\"1560\">El contenido de este sitio tiene fines meramente informativos. Aunque se realiza un esfuerzo por mantener la informaci\u00f3n actualizada y precisa, no se garantiza la exactitud ni integridad del contenido. El uso de la informaci\u00f3n es bajo su propio riesgo.  <\/p><h4 data-start=\"1562\" data-end=\"1585\">Derechos de autor<\/h4><p data-start=\"1586\" data-end=\"1840\">Todos los contenidos de este sitio \u2013 textos, im\u00e1genes, gr\u00e1ficos, v\u00eddeos \u2013 est\u00e1n protegidos por derechos de autor. Queda prohibido su uso sin autorizaci\u00f3n previa. <\/p>\t\t\t\t\t\t\t\t<\/div>\n\t\t\t\t<\/div>\n\t\t\t\t\t<\/div>\n\t\t<\/div>\n\t\t\t\t\t<\/div>\n\t\t<\/section>\n\t\t\t\t<section class=\"elementor-section elementor-top-section elementor-element elementor-element-31d0a9c1 elementor-section-full_width elementor-section-height-default elementor-section-height-default\" data-id=\"31d0a9c1\" data-element_type=\"section\" data-e-type=\"section\" id=\"touch\" data-settings=\"{&quot;background_background&quot;:&quot;classic&quot;}\">\n\t\t\t\t\t\t<div class=\"elementor-container elementor-column-gap-no\">\n\t\t\t\t\t<div class=\"elementor-column elementor-col-50 elementor-top-column elementor-element elementor-element-1507476\" data-id=\"1507476\" data-element_type=\"column\" data-e-type=\"column\">\n\t\t\t<div class=\"elementor-widget-wrap elementor-element-populated\">\n\t\t\t\t\t\t<div class=\"elementor-element elementor-element-4034ef58 elementor-widget elementor-widget-heading\" data-id=\"4034ef58\" data-element_type=\"widget\" data-e-type=\"widget\" data-widget_type=\"heading.default\">\n\t\t\t\t<div class=\"elementor-widget-container\">\n\t\t\t\t\t<h2 class=\"elementor-heading-title elementor-size-default\">Pong\u00e1monos en contacto  <\/h2>\t\t\t\t<\/div>\n\t\t\t\t<\/div>\n\t\t\t\t<div class=\"elementor-element elementor-element-4283b1b3 elementor-widget__width-initial elementor-widget-tablet__width-inherit elementor-widget elementor-widget-text-editor\" data-id=\"4283b1b3\" data-element_type=\"widget\" data-e-type=\"widget\" data-widget_type=\"text-editor.default\">\n\t\t\t\t<div class=\"elementor-widget-container\">\n\t\t\t\t\t\t\t\t\t<p>Hablemos de tus objetivos. Cu\u00e9ntanos qu\u00e9 te mueve \u2013 te escuchamos y aportamos ideas. Juntos daremos el pr\u00f3ximo gran paso.  <\/p>\t\t\t\t\t\t\t\t<\/div>\n\t\t\t\t<\/div>\n\t\t\t\t<div class=\"elementor-element elementor-element-21eef8e1 elementor-invisible elementor-widget elementor-widget-button\" data-id=\"21eef8e1\" data-element_type=\"widget\" data-e-type=\"widget\" data-settings=\"{&quot;_animation&quot;:&quot;bounceInUp&quot;}\" data-widget_type=\"button.default\">\n\t\t\t\t<div class=\"elementor-widget-container\">\n\t\t\t\t\t\t\t\t\t<div class=\"elementor-button-wrapper\">\n\t\t\t\t\t<a class=\"elementor-button elementor-button-link elementor-size-sm elementor-animation-bob\" href=\"#elementor-action%3Aaction%3Dpopup%3Aopen%26settings%3DeyJpZCI6MzE2LCJ0b2dnbGUiOmZhbHNlfQ%3D%3D\">\n\t\t\t\t\t\t<span class=\"elementor-button-content-wrapper\">\n\t\t\t\t\t\t\t\t\t<span class=\"elementor-button-text\">Cont\u00e1ctenos<\/span>\n\t\t\t\t\t<\/span>\n\t\t\t\t\t<\/a>\n\t\t\t\t<\/div>\n\t\t\t\t\t\t\t\t<\/div>\n\t\t\t\t<\/div>\n\t\t\t\t<div class=\"elementor-element elementor-element-71258f17 elementor-widget__width-auto elementor-widget elementor-widget-text-path\" data-id=\"71258f17\" data-element_type=\"widget\" data-e-type=\"widget\" data-settings=\"{&quot;text&quot;:&quot;\\u00a1empieza ahora con oqueo!&quot;,&quot;motion_fx_motion_fx_scrolling&quot;:&quot;yes&quot;,&quot;motion_fx_rotateZ_effect&quot;:&quot;yes&quot;,&quot;motion_fx_devices&quot;:[&quot;tablet&quot;,&quot;mobile&quot;],&quot;link&quot;:{&quot;url&quot;:&quot;&quot;,&quot;is_external&quot;:&quot;&quot;,&quot;nofollow&quot;:&quot;&quot;,&quot;custom_attributes&quot;:&quot;&quot;},&quot;start_point&quot;:{&quot;unit&quot;:&quot;%&quot;,&quot;size&quot;:0,&quot;sizes&quot;:[]},&quot;motion_fx_rotateZ_speed&quot;:{&quot;unit&quot;:&quot;px&quot;,&quot;size&quot;:1,&quot;sizes&quot;:[]},&quot;motion_fx_rotateZ_affectedRange&quot;:{&quot;unit&quot;:&quot;%&quot;,&quot;size&quot;:&quot;&quot;,&quot;sizes&quot;:{&quot;start&quot;:0,&quot;end&quot;:100}}}\" data-widget_type=\"text-path.default\">\n\t\t\t\t<div class=\"elementor-widget-container\">\n\t\t\t\t\t\t\t<div class=\"e-text-path elementor-animation-rotate\" data-text=\"&iexcl;empieza ahora con oqueo!\" data-url=\"\/\/oqueo.com\/wp-content\/plugins\/elementor\/assets\/svg-paths\/circle.svg\" data-link-url=\"\"><\/div>\n\t\t\t\t\t\t<\/div>\n\t\t\t\t<\/div>\n\t\t\t\t\t<\/div>\n\t\t<\/div>\n\t\t\t\t<div class=\"elementor-column elementor-col-50 elementor-top-column elementor-element elementor-element-ab1c8b0\" data-id=\"ab1c8b0\" data-element_type=\"column\" data-e-type=\"column\">\n\t\t\t<div class=\"elementor-widget-wrap elementor-element-populated\">\n\t\t\t\t\t\t<div class=\"elementor-element elementor-element-2b64f2a8 elementor-widget elementor-widget-image\" data-id=\"2b64f2a8\" data-element_type=\"widget\" data-e-type=\"widget\" data-settings=\"{&quot;motion_fx_motion_fx_scrolling&quot;:&quot;yes&quot;,&quot;motion_fx_translateY_effect&quot;:&quot;yes&quot;,&quot;motion_fx_translateY_direction&quot;:&quot;negative&quot;,&quot;motion_fx_translateY_affectedRange&quot;:{&quot;unit&quot;:&quot;%&quot;,&quot;size&quot;:&quot;&quot;,&quot;sizes&quot;:{&quot;start&quot;:0,&quot;end&quot;:50}},&quot;motion_fx_devices&quot;:[&quot;desktop&quot;],&quot;motion_fx_translateY_speed&quot;:{&quot;unit&quot;:&quot;px&quot;,&quot;size&quot;:4,&quot;sizes&quot;:[]}}\" data-widget_type=\"image.default\">\n\t\t\t\t<div class=\"elementor-widget-container\">\n\t\t\t\t\t\t\t\t\t\t\t\t\t\t\t<img fetchpriority=\"high\" decoding=\"async\" width=\"929\" height=\"485\" src=\"https:\/\/oqueo.com\/wp-content\/uploads\/2025\/01\/6_About_Creative_Digital_Agency-Footer.jpg\" class=\"attachment-full size-full wp-image-107\" alt=\"\" srcset=\"https:\/\/oqueo.com\/wp-content\/uploads\/2025\/01\/6_About_Creative_Digital_Agency-Footer.jpg 929w, https:\/\/oqueo.com\/wp-content\/uploads\/2025\/01\/6_About_Creative_Digital_Agency-Footer-300x157.jpg 300w, https:\/\/oqueo.com\/wp-content\/uploads\/2025\/01\/6_About_Creative_Digital_Agency-Footer-768x401.jpg 768w\" sizes=\"(max-width: 929px) 100vw, 929px\" \/>\t\t\t\t\t\t\t\t\t\t\t\t\t\t\t<\/div>\n\t\t\t\t<\/div>\n\t\t\t\t<div class=\"elementor-element elementor-element-2643ea59 elementor-widget elementor-widget-heading\" data-id=\"2643ea59\" data-element_type=\"widget\" data-e-type=\"widget\" data-widget_type=\"heading.default\">\n\t\t\t\t<div class=\"elementor-widget-container\">\n\t\t\t\t\t<span class=\"elementor-heading-title elementor-size-default\"><a href=\"https:\/\/oqueo.com\/es\/aviso-legal\/\">Aviso legal<\/a> | <a href=\"https:\/\/oqueo.com\/es\/politica-de-privacidad\/\">Pol\u00edtica de privacidad<\/a> | \u00a9 2025 Todos los derechos reservados.<\/span>\t\t\t\t<\/div>\n\t\t\t\t<\/div>\n\t\t\t\t\t<\/div>\n\t\t<\/div>\n\t\t\t\t\t<\/div>\n\t\t<\/section>\n\t\t\t\t<\/div>\n\t\t","protected":false},"excerpt":{"rendered":"<p>circle improvementavanza con oQueo Aviso legal Pol\u00edtica de privacidad Nos tomamos muy en serio su privacidad. Cualquier informaci\u00f3n personal recopilada en este sitio web, como nombre, correo electr\u00f3nico o comportamiento de uso, se maneja de acuerdo con las leyes de protecci\u00f3n de datos aplicables. No vendemos, alquilamos ni compartimos su informaci\u00f3n con terceros, salvo que [&hellip;]<\/p>\n","protected":false},"author":2,"featured_media":0,"parent":0,"menu_order":0,"comment_status":"closed","ping_status":"closed","template":"","meta":{"iawp_total_views":0,"footnotes":""},"class_list":["post-455","page","type-page","status-publish","hentry"],"_links":{"self":[{"href":"https:\/\/oqueo.com\/es\/wp-json\/wp\/v2\/pages\/455","targetHints":{"allow":["GET"]}}],"collection":[{"href":"https:\/\/oqueo.com\/es\/wp-json\/wp\/v2\/pages"}],"about":[{"href":"https:\/\/oqueo.com\/es\/wp-json\/wp\/v2\/types\/page"}],"author":[{"embeddable":true,"href":"https:\/\/oqueo.com\/es\/wp-json\/wp\/v2\/users\/2"}],"replies":[{"embeddable":true,"href":"https:\/\/oqueo.com\/es\/wp-json\/wp\/v2\/comments?post=455"}],"version-history":[{"count":2,"href":"https:\/\/oqueo.com\/es\/wp-json\/wp\/v2\/pages\/455\/revisions"}],"predecessor-version":[{"id":508,"href":"https:\/\/oqueo.com\/es\/wp-json\/wp\/v2\/pages\/455\/revisions\/508"}],"wp:attachment":[{"href":"https:\/\/oqueo.com\/es\/wp-json\/wp\/v2\/media?parent=455"}],"curies":[{"name":"wp","href":"https:\/\/api.w.org\/{rel}","templated":true}]}}