{"id":448,"date":"2025-05-23T13:20:05","date_gmt":"2025-05-23T11:20:05","guid":{"rendered":"https:\/\/oqueo.com\/rechtliches\/"},"modified":"2025-05-24T19:01:22","modified_gmt":"2025-05-24T17:01:22","slug":"rechtliches","status":"publish","type":"page","link":"https:\/\/oqueo.com\/de\/rechtliches\/","title":{"rendered":"Recht &amp; Datenschutz"},"content":{"rendered":"\t\t<div data-elementor-type=\"wp-page\" data-elementor-id=\"448\" class=\"elementor elementor-448 elementor-439\" data-elementor-post-type=\"page\">\n\t\t\t\t\t\t<section class=\"elementor-section elementor-top-section elementor-element elementor-element-565223d0 elementor-section-full_width elementor-section-height-default elementor-section-height-default\" data-id=\"565223d0\" data-element_type=\"section\" data-e-type=\"section\">\n\t\t\t\t\t\t<div class=\"elementor-container elementor-column-gap-no\">\n\t\t\t\t\t<div class=\"elementor-column elementor-col-100 elementor-top-column elementor-element elementor-element-31156124\" data-id=\"31156124\" data-element_type=\"column\" data-e-type=\"column\">\n\t\t\t<div class=\"elementor-widget-wrap elementor-element-populated\">\n\t\t\t\t\t\t<div class=\"elementor-element elementor-element-1be3a33b elementor-widget__width-auto e-transform elementor-invisible elementor-widget elementor-widget-text-path\" data-id=\"1be3a33b\" data-element_type=\"widget\" data-e-type=\"widget\" data-settings=\"{&quot;text&quot;:&quot; Jetzt mit oQueo losstarten!&quot;,&quot;motion_fx_motion_fx_scrolling&quot;:&quot;yes&quot;,&quot;motion_fx_rotateZ_effect&quot;:&quot;yes&quot;,&quot;motion_fx_rotateZ_affectedRange&quot;:{&quot;unit&quot;:&quot;%&quot;,&quot;size&quot;:&quot;&quot;,&quot;sizes&quot;:{&quot;start&quot;:50,&quot;end&quot;:100}},&quot;_animation&quot;:&quot;rotateIn&quot;,&quot;_transform_rotateZ_effect&quot;:{&quot;unit&quot;:&quot;px&quot;,&quot;size&quot;:28,&quot;sizes&quot;:[]},&quot;link&quot;:{&quot;url&quot;:&quot;\\\/&quot;,&quot;is_external&quot;:&quot;&quot;,&quot;nofollow&quot;:&quot;&quot;,&quot;custom_attributes&quot;:&quot;&quot;},&quot;start_point&quot;:{&quot;unit&quot;:&quot;%&quot;,&quot;size&quot;:0,&quot;sizes&quot;:[]},&quot;motion_fx_rotateZ_speed&quot;:{&quot;unit&quot;:&quot;px&quot;,&quot;size&quot;:1,&quot;sizes&quot;:[]},&quot;motion_fx_devices&quot;:[&quot;desktop&quot;,&quot;tablet&quot;,&quot;mobile&quot;],&quot;_transform_rotateZ_effect_tablet&quot;:{&quot;unit&quot;:&quot;deg&quot;,&quot;size&quot;:&quot;&quot;,&quot;sizes&quot;:[]},&quot;_transform_rotateZ_effect_mobile&quot;:{&quot;unit&quot;:&quot;deg&quot;,&quot;size&quot;:&quot;&quot;,&quot;sizes&quot;:[]}}\" data-widget_type=\"text-path.default\">\n\t\t\t\t<div class=\"elementor-widget-container\">\n\t\t\t\t\t\t\t<div class=\"e-text-path elementor-animation-rotate\" data-text=\" Jetzt mit oQueo losstarten!\" data-url=\"\/\/oqueo.com\/wp-content\/plugins\/elementor\/assets\/svg-paths\/circle.svg\" data-link-url=\"\/\"><\/div>\n\t\t\t\t\t\t<\/div>\n\t\t\t\t<\/div>\n\t\t\t\t<div class=\"elementor-element elementor-element-3b8da55a elementor-widget__width-initial elementor-widget-tablet__width-initial elementor-widget-mobile__width-inherit elementor-widget elementor-widget-text-editor\" data-id=\"3b8da55a\" data-element_type=\"widget\" data-e-type=\"widget\" data-widget_type=\"text-editor.default\">\n\t\t\t\t<div class=\"elementor-widget-container\">\n\t\t\t\t\t\t\t\t\t<p><span style=\"font-weight: 400;\">circle <span style=\"color: #b87b05;\">improvement<br><\/span>losstarten mit <span style=\"color: #b87b05;\">oQueo<br><\/span><\/span><\/p>\t\t\t\t\t\t\t\t<\/div>\n\t\t\t\t<\/div>\n\t\t\t\t<div class=\"elementor-element elementor-element-660a58a0 elementor-widget elementor-widget-heading\" data-id=\"660a58a0\" data-element_type=\"widget\" data-e-type=\"widget\" data-widget_type=\"heading.default\">\n\t\t\t\t<div class=\"elementor-widget-container\">\n\t\t\t\t\t<h1 class=\"elementor-heading-title elementor-size-default\">Recht &amp; Datenschutz<\/h1>\t\t\t\t<\/div>\n\t\t\t\t<\/div>\n\t\t\t\t\t<\/div>\n\t\t<\/div>\n\t\t\t\t\t<\/div>\n\t\t<\/section>\n\t\t\t\t<section class=\"elementor-section elementor-top-section elementor-element elementor-element-7a109a14 elementor-section-boxed elementor-section-height-default elementor-section-height-default\" data-id=\"7a109a14\" data-element_type=\"section\" data-e-type=\"section\">\n\t\t\t\t\t\t<div class=\"elementor-container elementor-column-gap-default\">\n\t\t\t\t\t<div class=\"elementor-column elementor-col-100 elementor-top-column elementor-element elementor-element-d6a2409\" data-id=\"d6a2409\" data-element_type=\"column\" data-e-type=\"column\">\n\t\t\t<div class=\"elementor-widget-wrap elementor-element-populated\">\n\t\t\t\t\t\t<div class=\"elementor-element elementor-element-7cbf2dd7 elementor-widget elementor-widget-text-editor\" data-id=\"7cbf2dd7\" data-element_type=\"widget\" data-e-type=\"widget\" data-widget_type=\"text-editor.default\">\n\t\t\t\t<div class=\"elementor-widget-container\">\n\t\t\t\t\t\t\t\t\t<h4 data-start=\"376\" data-end=\"397\">Datenschutzerkl\u00e4rung<\/h4><p data-start=\"398\" data-end=\"930\">Der Schutz Ihrer Privatsph\u00e4re ist uns ein wichtiges Anliegen. Personenbezogene Daten, die \u00fcber diese Website erhoben werden \u2013 wie Name, E-Mail-Adresse oder Nutzungsverhalten \u2013 werden gem\u00e4\u00df den geltenden Datenschutzgesetzen verarbeitet. Eine Weitergabe an Dritte erfolgt nur, wenn dies gesetzlich vorgeschrieben ist oder zur Vertragserf\u00fcllung notwendig wird. Wir verwenden Cookies und Analyse-Tools ausschlie\u00dflich zur Verbesserung der Nutzererfahrung. Mit der Nutzung dieser Website erkl\u00e4ren Sie sich damit einverstanden. Weitere Informationen finden Sie in unserer <a href=\"https:\/\/oqueo.com\/de\/datenschutzerklaerung\/\">Datenschutzerkl\u00e4rung<\/a>.     <\/p><h4 data-start=\"932\" data-end=\"951\">Nutzungsbedingungen<\/h4><p data-start=\"952\" data-end=\"1295\">Mit dem Zugriff auf diese Website erkl\u00e4ren Sie sich mit den hier beschriebenen Bedingungen einverstanden. Eine missbr\u00e4uchliche oder gesetzeswidrige Nutzung der Inhalte ist untersagt. Wir behalten uns das Recht vor, Inhalte jederzeit zu \u00e4ndern, zu erg\u00e4nzen oder den Betrieb der Website ganz oder teilweise einzustellen \u2013 ohne Vorank\u00fcndigung.  <\/p><h4 data-start=\"1297\" data-end=\"1314\">Disclaimer<\/h4><p data-start=\"1315\" data-end=\"1560\">Die auf dieser Website bereitgestellten Informationen dienen ausschlie\u00dflich der allgemeinen Orientierung. Trotz sorgf\u00e4ltiger Pr\u00fcfung \u00fcbernehmen wir keine Gew\u00e4hr f\u00fcr die Richtigkeit, Vollst\u00e4ndigkeit oder Aktualit\u00e4t der Inhalte. Die Nutzung der Website erfolgt auf eigene Gefahr.  <\/p><h4 data-start=\"1562\" data-end=\"1585\">Urheberrecht<\/h4><p data-start=\"1586\" data-end=\"1840\">S\u00e4mtliche Inhalte dieser Website \u2013 Texte, Bilder, Grafiken, Videos \u2013 sind urheberrechtlich gesch\u00fctzt. Jede Form der Vervielf\u00e4ltigung, Verbreitung oder Bearbeitung bedarf der ausdr\u00fccklichen schriftlichen Zustimmung des Rechteinhabers. <\/p>\t\t\t\t\t\t\t\t<\/div>\n\t\t\t\t<\/div>\n\t\t\t\t\t<\/div>\n\t\t<\/div>\n\t\t\t\t\t<\/div>\n\t\t<\/section>\n\t\t\t\t<section class=\"elementor-section elementor-top-section elementor-element elementor-element-31d0a9c1 elementor-section-full_width elementor-section-height-default elementor-section-height-default\" data-id=\"31d0a9c1\" data-element_type=\"section\" data-e-type=\"section\" id=\"touch\" data-settings=\"{&quot;background_background&quot;:&quot;classic&quot;}\">\n\t\t\t\t\t\t<div class=\"elementor-container elementor-column-gap-no\">\n\t\t\t\t\t<div class=\"elementor-column elementor-col-50 elementor-top-column elementor-element elementor-element-1507476\" data-id=\"1507476\" data-element_type=\"column\" data-e-type=\"column\">\n\t\t\t<div class=\"elementor-widget-wrap elementor-element-populated\">\n\t\t\t\t\t\t<div class=\"elementor-element elementor-element-4034ef58 elementor-widget elementor-widget-heading\" data-id=\"4034ef58\" data-element_type=\"widget\" data-e-type=\"widget\" data-widget_type=\"heading.default\">\n\t\t\t\t<div class=\"elementor-widget-container\">\n\t\t\t\t\t<h2 class=\"elementor-heading-title elementor-size-default\">Lassen Sie uns in Kontakt treten  <\/h2>\t\t\t\t<\/div>\n\t\t\t\t<\/div>\n\t\t\t\t<div class=\"elementor-element elementor-element-4283b1b3 elementor-widget__width-initial elementor-widget-tablet__width-inherit elementor-widget elementor-widget-text-editor\" data-id=\"4283b1b3\" data-element_type=\"widget\" data-e-type=\"widget\" data-widget_type=\"text-editor.default\">\n\t\t\t\t<div class=\"elementor-widget-container\">\n\t\t\t\t\t\t\t\t\t<p>Lass uns ins Gespr\u00e4ch kommen. Erz\u00e4hl uns, was dich bewegt \u2013 wir h\u00f6ren zu und denken mit. Gemeinsam finden wir den besten n\u00e4chsten Schritt.  <\/p>\t\t\t\t\t\t\t\t<\/div>\n\t\t\t\t<\/div>\n\t\t\t\t<div class=\"elementor-element elementor-element-21eef8e1 elementor-invisible elementor-widget elementor-widget-button\" data-id=\"21eef8e1\" data-element_type=\"widget\" data-e-type=\"widget\" data-settings=\"{&quot;_animation&quot;:&quot;bounceInUp&quot;}\" data-widget_type=\"button.default\">\n\t\t\t\t<div class=\"elementor-widget-container\">\n\t\t\t\t\t\t\t\t\t<div class=\"elementor-button-wrapper\">\n\t\t\t\t\t<a class=\"elementor-button elementor-button-link elementor-size-sm elementor-animation-bob\" href=\"#elementor-action%3Aaction%3Dpopup%3Aopen%26settings%3DeyJpZCI6MzEyLCJ0b2dnbGUiOmZhbHNlfQ%3D%3D\">\n\t\t\t\t\t\t<span class=\"elementor-button-content-wrapper\">\n\t\t\t\t\t\t\t\t\t<span class=\"elementor-button-text\">Kontaktiere uns<\/span>\n\t\t\t\t\t<\/span>\n\t\t\t\t\t<\/a>\n\t\t\t\t<\/div>\n\t\t\t\t\t\t\t\t<\/div>\n\t\t\t\t<\/div>\n\t\t\t\t<div class=\"elementor-element elementor-element-71258f17 elementor-widget__width-auto elementor-widget elementor-widget-text-path\" data-id=\"71258f17\" data-element_type=\"widget\" data-e-type=\"widget\" data-settings=\"{&quot;text&quot;:&quot;Starte jetzt mit oQueo!&quot;,&quot;motion_fx_motion_fx_scrolling&quot;:&quot;yes&quot;,&quot;motion_fx_rotateZ_effect&quot;:&quot;yes&quot;,&quot;motion_fx_devices&quot;:[&quot;tablet&quot;,&quot;mobile&quot;],&quot;link&quot;:{&quot;url&quot;:&quot;&quot;,&quot;is_external&quot;:&quot;&quot;,&quot;nofollow&quot;:&quot;&quot;,&quot;custom_attributes&quot;:&quot;&quot;},&quot;start_point&quot;:{&quot;unit&quot;:&quot;%&quot;,&quot;size&quot;:0,&quot;sizes&quot;:[]},&quot;motion_fx_rotateZ_speed&quot;:{&quot;unit&quot;:&quot;px&quot;,&quot;size&quot;:1,&quot;sizes&quot;:[]},&quot;motion_fx_rotateZ_affectedRange&quot;:{&quot;unit&quot;:&quot;%&quot;,&quot;size&quot;:&quot;&quot;,&quot;sizes&quot;:{&quot;start&quot;:0,&quot;end&quot;:100}}}\" data-widget_type=\"text-path.default\">\n\t\t\t\t<div class=\"elementor-widget-container\">\n\t\t\t\t\t\t\t<div class=\"e-text-path elementor-animation-rotate\" data-text=\"Starte jetzt mit oQueo!\" data-url=\"\/\/oqueo.com\/wp-content\/plugins\/elementor\/assets\/svg-paths\/circle.svg\" data-link-url=\"\"><\/div>\n\t\t\t\t\t\t<\/div>\n\t\t\t\t<\/div>\n\t\t\t\t\t<\/div>\n\t\t<\/div>\n\t\t\t\t<div class=\"elementor-column elementor-col-50 elementor-top-column elementor-element elementor-element-ab1c8b0\" data-id=\"ab1c8b0\" data-element_type=\"column\" data-e-type=\"column\">\n\t\t\t<div class=\"elementor-widget-wrap elementor-element-populated\">\n\t\t\t\t\t\t<div class=\"elementor-element elementor-element-2b64f2a8 elementor-widget elementor-widget-image\" data-id=\"2b64f2a8\" data-element_type=\"widget\" data-e-type=\"widget\" data-settings=\"{&quot;motion_fx_motion_fx_scrolling&quot;:&quot;yes&quot;,&quot;motion_fx_translateY_effect&quot;:&quot;yes&quot;,&quot;motion_fx_translateY_direction&quot;:&quot;negative&quot;,&quot;motion_fx_translateY_affectedRange&quot;:{&quot;unit&quot;:&quot;%&quot;,&quot;size&quot;:&quot;&quot;,&quot;sizes&quot;:{&quot;start&quot;:0,&quot;end&quot;:50}},&quot;motion_fx_devices&quot;:[&quot;desktop&quot;],&quot;motion_fx_translateY_speed&quot;:{&quot;unit&quot;:&quot;px&quot;,&quot;size&quot;:4,&quot;sizes&quot;:[]}}\" data-widget_type=\"image.default\">\n\t\t\t\t<div class=\"elementor-widget-container\">\n\t\t\t\t\t\t\t\t\t\t\t\t\t\t\t<img fetchpriority=\"high\" decoding=\"async\" width=\"929\" height=\"485\" src=\"https:\/\/oqueo.com\/wp-content\/uploads\/2025\/01\/6_About_Creative_Digital_Agency-Footer.jpg\" class=\"attachment-full size-full wp-image-105\" alt=\"\" srcset=\"https:\/\/oqueo.com\/wp-content\/uploads\/2025\/01\/6_About_Creative_Digital_Agency-Footer.jpg 929w, https:\/\/oqueo.com\/wp-content\/uploads\/2025\/01\/6_About_Creative_Digital_Agency-Footer-300x157.jpg 300w, https:\/\/oqueo.com\/wp-content\/uploads\/2025\/01\/6_About_Creative_Digital_Agency-Footer-768x401.jpg 768w\" sizes=\"(max-width: 929px) 100vw, 929px\" \/>\t\t\t\t\t\t\t\t\t\t\t\t\t\t\t<\/div>\n\t\t\t\t<\/div>\n\t\t\t\t<div class=\"elementor-element elementor-element-2643ea59 elementor-widget elementor-widget-heading\" data-id=\"2643ea59\" data-element_type=\"widget\" data-e-type=\"widget\" data-widget_type=\"heading.default\">\n\t\t\t\t<div class=\"elementor-widget-container\">\n\t\t\t\t\t<span class=\"elementor-heading-title elementor-size-default\"><a href=\"https:\/\/oqueo.com\/de\/rechtliches\/\">Rechtliches<\/a> | <a href=\"https:\/\/oqueo.com\/de\/datenschutzerklaerung\/\">Datenschutz<\/a> | \u00a9 2025 Alle Rechte vorbehalten.<\/span>\t\t\t\t<\/div>\n\t\t\t\t<\/div>\n\t\t\t\t\t<\/div>\n\t\t<\/div>\n\t\t\t\t\t<\/div>\n\t\t<\/section>\n\t\t\t\t<\/div>\n\t\t","protected":false},"excerpt":{"rendered":"<p>circle improvementlosstarten mit oQueo Recht &amp; Datenschutz Datenschutzerkl\u00e4rung Der Schutz Ihrer Privatsph\u00e4re ist uns ein wichtiges Anliegen. Personenbezogene Daten, die \u00fcber diese Website erhoben werden \u2013 wie Name, E-Mail-Adresse oder Nutzungsverhalten \u2013 werden gem\u00e4\u00df den geltenden Datenschutzgesetzen verarbeitet. Eine Weitergabe an Dritte erfolgt nur, wenn dies gesetzlich vorgeschrieben ist oder zur Vertragserf\u00fcllung notwendig wird. Wir [&hellip;]<\/p>\n","protected":false},"author":2,"featured_media":0,"parent":0,"menu_order":0,"comment_status":"closed","ping_status":"closed","template":"","meta":{"iawp_total_views":1,"footnotes":""},"class_list":["post-448","page","type-page","status-publish","hentry"],"_links":{"self":[{"href":"https:\/\/oqueo.com\/de\/wp-json\/wp\/v2\/pages\/448","targetHints":{"allow":["GET"]}}],"collection":[{"href":"https:\/\/oqueo.com\/de\/wp-json\/wp\/v2\/pages"}],"about":[{"href":"https:\/\/oqueo.com\/de\/wp-json\/wp\/v2\/types\/page"}],"author":[{"embeddable":true,"href":"https:\/\/oqueo.com\/de\/wp-json\/wp\/v2\/users\/2"}],"replies":[{"embeddable":true,"href":"https:\/\/oqueo.com\/de\/wp-json\/wp\/v2\/comments?post=448"}],"version-history":[{"count":4,"href":"https:\/\/oqueo.com\/de\/wp-json\/wp\/v2\/pages\/448\/revisions"}],"predecessor-version":[{"id":506,"href":"https:\/\/oqueo.com\/de\/wp-json\/wp\/v2\/pages\/448\/revisions\/506"}],"wp:attachment":[{"href":"https:\/\/oqueo.com\/de\/wp-json\/wp\/v2\/media?parent=448"}],"curies":[{"name":"wp","href":"https:\/\/api.w.org\/{rel}","templated":true}]}}